{"id":6630,"date":"2025-12-30T17:47:12","date_gmt":"2025-12-30T16:47:12","guid":{"rendered":"https:\/\/dev.morocco-rides.com\/locations\/custom-road-trip\/"},"modified":"2026-01-16T22:20:42","modified_gmt":"2026-01-16T21:20:42","slug":"custom-road-trip","status":"publish","type":"product","link":"https:\/\/dev.morocco-rides.com\/en\/locations\/custom-road-trip\/","title":{"rendered":"Custom road trip"},"content":{"rendered":"<p>A la carte road trips from \u20ac250 per day (minimum 3 drivers)<\/p>\n<p>In DR650, DRZ400, Husqvarna Terra 650, CRF 250, CRF 300, CRF Rally 300, XR 250, Tenere 660, XTR660<\/p>\n<p>Includes ;<\/p>\n<ul>\n<li>Return airport transport<\/li>\n<li>Routes of more or less 1200 km<\/li>\n<li>Minimum 3 persons<\/li>\n<li>Includes: accommodation in double rooms (in hotels, guesthouses and Riads)<\/li>\n<li>Half-board (breakfast and dinner)<\/li>\n<li>Gasoline<\/li>\n<li>Water<\/li>\n<li>Technical assistance<\/li>\n<li>Travel guide<\/li>\n<li>Luggage transport<\/li>\n<li>4&#215;4 support or companion, motorcycle mechanic.<\/li>\n<\/ul>\n<p>3 persons at 1784\u20ac \/ person<br \/>\n6 persons at 1634\u20ac \/ person<\/p>\n<p>Would you rather ride a T\u00e9n\u00e9r\u00e9 7 or a BMW GS 800?<\/p>\n<p>3 people at \u20ac2060 \/ person<br \/>\n6 people at \u20ac1910 \/ person<\/p>\n","protected":false},"excerpt":{"rendered":"<h2>Custom motorcycle tours with morocco-rides \u2013 simply the best value for money!<\/h2>\n<h3>7 days &#8211; 6 nights from Marrakech &#8211; Casablanca &#8211; Rabat &#8211; Fez &#8211; Tangier &#8211; Agadir<\/h3>\n<p>We own our fleet and we take good care of it. Several local rental companies use our services to sublet our motorcycles.<\/p>\n<p>Explore Morocco by motorcycle with a tailor-made motorcycle tour: A custom motorcycle tour to be discussed with you (duration and route fully customizable). During the planning and throughout the trip, we take into account and adapt to your pace, technical level, the weather and the condition of the roads and tracks\u2026<\/p>\n<p>Circuit combining Ocean, Atlas Mountains, Sahara and many other places. Motorcycle rental and motorcycle tours departing from (Marrakech &#8211; Casablanca &#8211; Rabat &#8211; Fes &#8211; Tangier &#8211; Agadir)<\/p>\n","protected":false},"featured_media":4491,"comment_status":"open","ping_status":"closed","template":"","meta":{"ocean_post_layout":"","ocean_both_sidebars_style":"","ocean_both_sidebars_content_width":0,"ocean_both_sidebars_sidebars_width":0,"ocean_sidebar":"0","ocean_second_sidebar":"0","ocean_disable_margins":"enable","ocean_add_body_class":"","ocean_shortcode_before_top_bar":"","ocean_shortcode_after_top_bar":"","ocean_shortcode_before_header":"","ocean_shortcode_after_header":"","ocean_has_shortcode":"","ocean_shortcode_after_title":"","ocean_shortcode_before_footer_widgets":"","ocean_shortcode_after_footer_widgets":"","ocean_shortcode_before_footer_bottom":"","ocean_shortcode_after_footer_bottom":"","ocean_display_top_bar":"default","ocean_display_header":"default","ocean_header_style":"","ocean_center_header_left_menu":"0","ocean_custom_header_template":"0","ocean_custom_logo":0,"ocean_custom_retina_logo":0,"ocean_custom_logo_max_width":0,"ocean_custom_logo_tablet_max_width":0,"ocean_custom_logo_mobile_max_width":0,"ocean_custom_logo_max_height":0,"ocean_custom_logo_tablet_max_height":0,"ocean_custom_logo_mobile_max_height":0,"ocean_header_custom_menu":"0","ocean_menu_typo_font_family":"0","ocean_menu_typo_font_subset":"","ocean_menu_typo_font_size":0,"ocean_menu_typo_font_size_tablet":0,"ocean_menu_typo_font_size_mobile":0,"ocean_menu_typo_font_size_unit":"px","ocean_menu_typo_font_weight":"","ocean_menu_typo_font_weight_tablet":"","ocean_menu_typo_font_weight_mobile":"","ocean_menu_typo_transform":"","ocean_menu_typo_transform_tablet":"","ocean_menu_typo_transform_mobile":"","ocean_menu_typo_line_height":0,"ocean_menu_typo_line_height_tablet":0,"ocean_menu_typo_line_height_mobile":0,"ocean_menu_typo_line_height_unit":"","ocean_menu_typo_spacing":0,"ocean_menu_typo_spacing_tablet":0,"ocean_menu_typo_spacing_mobile":0,"ocean_menu_typo_spacing_unit":"","ocean_menu_link_color":"","ocean_menu_link_color_hover":"","ocean_menu_link_color_active":"","ocean_menu_link_background":"","ocean_menu_link_hover_background":"","ocean_menu_link_active_background":"","ocean_menu_social_links_bg":"","ocean_menu_social_hover_links_bg":"","ocean_menu_social_links_color":"","ocean_menu_social_hover_links_color":"","ocean_disable_title":"default","ocean_disable_heading":"default","ocean_post_title":"","ocean_post_subheading":"","ocean_post_title_style":"","ocean_post_title_background_color":"","ocean_post_title_background":0,"ocean_post_title_bg_image_position":"","ocean_post_title_bg_image_attachment":"","ocean_post_title_bg_image_repeat":"","ocean_post_title_bg_image_size":"","ocean_post_title_height":0,"ocean_post_title_bg_overlay":0.5,"ocean_post_title_bg_overlay_color":"","ocean_disable_breadcrumbs":"default","ocean_breadcrumbs_color":"","ocean_breadcrumbs_separator_color":"","ocean_breadcrumbs_links_color":"","ocean_breadcrumbs_links_hover_color":"","ocean_display_footer_widgets":"default","ocean_display_footer_bottom":"default","ocean_custom_footer_template":"0"},"product_brand":[],"product_cat":[55],"product_tag":[],"class_list":{"0":"post-6630","1":"product","2":"type-product","3":"status-publish","4":"has-post-thumbnail","6":"product_cat-motorcycle-raids","8":"entry","9":"has-media","11":"first","12":"instock","13":"virtual","14":"purchasable","15":"product-type-ovabrw_car_rental","16":"col","17":"span_1_of_4","18":"owp-content-center","19":"owp-thumbs-layout-horizontal","20":"owp-btn-normal","21":"owp-tabs-layout-horizontal","22":"has-no-thumbnails"},"yoast_head":"<!-- This site is optimized with the Yoast SEO plugin v26.7 - https:\/\/yoast.com\/wordpress\/plugins\/seo\/ -->\n<title>Custom road trip &#062; Morocco Rides<\/title>\n<meta name=\"description\" content=\"\ud83c\uddf2\ud83c\udde6 Discover our road trip in Morocco, customize your motorcycle trip in Morocco with Morocco-Rides.com - Free quote without obligation\" \/>\n<meta name=\"robots\" content=\"index, follow, max-snippet:-1, max-image-preview:large, max-video-preview:-1\" \/>\n<link rel=\"canonical\" href=\"https:\/\/dev.morocco-rides.com\/en\/locations\/custom-road-trip\/\" \/>\n<meta property=\"og:locale\" content=\"en_US\" \/>\n<meta property=\"og:type\" content=\"article\" \/>\n<meta property=\"og:title\" content=\"Custom road trip &#062; Morocco Rides\" \/>\n<meta property=\"og:description\" content=\"\ud83c\uddf2\ud83c\udde6 Discover our road trip in Morocco, customize your motorcycle trip in Morocco with Morocco-Rides.com - Free quote without obligation\" \/>\n<meta property=\"og:url\" content=\"https:\/\/dev.morocco-rides.com\/en\/locations\/custom-road-trip\/\" \/>\n<meta property=\"og:site_name\" content=\"Morocco Rides\" \/>\n<meta property=\"article:publisher\" content=\"https:\/\/www.facebook.com\/moroccorides\" \/>\n<meta property=\"article:modified_time\" content=\"2026-01-16T21:20:42+00:00\" \/>\n<meta property=\"og:image\" content=\"https:\/\/dev.morocco-rides.com\/wp-content\/uploads\/2023\/06\/free-photo-of-landscape-of-palm-trees-and-the-atlas-mountains-in-marrakech-morocco.jpeg\" \/>\n\t<meta property=\"og:image:width\" content=\"1260\" \/>\n\t<meta property=\"og:image:height\" content=\"728\" \/>\n\t<meta property=\"og:image:type\" content=\"image\/jpeg\" \/>\n<script type=\"application\/ld+json\" class=\"yoast-schema-graph\">{\"@context\":\"https:\/\/schema.org\",\"@graph\":[{\"@type\":\"WebPage\",\"@id\":\"https:\/\/dev.morocco-rides.com\/en\/locations\/custom-road-trip\/\",\"url\":\"https:\/\/dev.morocco-rides.com\/en\/locations\/custom-road-trip\/\",\"name\":\"Custom road trip &#062; Morocco Rides\",\"isPartOf\":{\"@id\":\"https:\/\/dev.morocco-rides.com\/en\/#website\"},\"primaryImageOfPage\":{\"@id\":\"https:\/\/dev.morocco-rides.com\/en\/locations\/custom-road-trip\/#primaryimage\"},\"image\":{\"@id\":\"https:\/\/dev.morocco-rides.com\/en\/locations\/custom-road-trip\/#primaryimage\"},\"thumbnailUrl\":\"https:\/\/dev.morocco-rides.com\/wp-content\/uploads\/2023\/06\/free-photo-of-landscape-of-palm-trees-and-the-atlas-mountains-in-marrakech-morocco.jpeg\",\"datePublished\":\"2025-12-30T16:47:12+00:00\",\"dateModified\":\"2026-01-16T21:20:42+00:00\",\"description\":\"\ud83c\uddf2\ud83c\udde6 Discover our road trip in Morocco, customize your motorcycle trip in Morocco with Morocco-Rides.com - Free quote without obligation\",\"breadcrumb\":{\"@id\":\"https:\/\/dev.morocco-rides.com\/en\/locations\/custom-road-trip\/#breadcrumb\"},\"inLanguage\":\"en-US\",\"potentialAction\":[{\"@type\":\"ReadAction\",\"target\":[\"https:\/\/dev.morocco-rides.com\/en\/locations\/custom-road-trip\/\"]}]},{\"@type\":\"ImageObject\",\"inLanguage\":\"en-US\",\"@id\":\"https:\/\/dev.morocco-rides.com\/en\/locations\/custom-road-trip\/#primaryimage\",\"url\":\"https:\/\/dev.morocco-rides.com\/wp-content\/uploads\/2023\/06\/free-photo-of-landscape-of-palm-trees-and-the-atlas-mountains-in-marrakech-morocco.jpeg\",\"contentUrl\":\"https:\/\/dev.morocco-rides.com\/wp-content\/uploads\/2023\/06\/free-photo-of-landscape-of-palm-trees-and-the-atlas-mountains-in-marrakech-morocco.jpeg\",\"width\":1260,\"height\":728},{\"@type\":\"BreadcrumbList\",\"@id\":\"https:\/\/dev.morocco-rides.com\/en\/locations\/custom-road-trip\/#breadcrumb\",\"itemListElement\":[{\"@type\":\"ListItem\",\"position\":1,\"name\":\"Accueil\",\"item\":\"https:\/\/dev.morocco-rides.com\/en\/\"},{\"@type\":\"ListItem\",\"position\":2,\"name\":\"Motorcycle rental\",\"item\":\"https:\/\/dev.morocco-rides.com\/en\/shop\/\"},{\"@type\":\"ListItem\",\"position\":3,\"name\":\"Custom road trip\"}]},{\"@type\":\"WebSite\",\"@id\":\"https:\/\/dev.morocco-rides.com\/en\/#website\",\"url\":\"https:\/\/dev.morocco-rides.com\/en\/\",\"name\":\"Morocco Rides\",\"description\":\"\",\"publisher\":{\"@id\":\"https:\/\/dev.morocco-rides.com\/en\/#organization\"},\"potentialAction\":[{\"@type\":\"SearchAction\",\"target\":{\"@type\":\"EntryPoint\",\"urlTemplate\":\"https:\/\/dev.morocco-rides.com\/en\/?s={search_term_string}\"},\"query-input\":{\"@type\":\"PropertyValueSpecification\",\"valueRequired\":true,\"valueName\":\"search_term_string\"}}],\"inLanguage\":\"en-US\"},{\"@type\":\"Organization\",\"@id\":\"https:\/\/dev.morocco-rides.com\/en\/#organization\",\"name\":\"Morocco Rides\",\"url\":\"https:\/\/dev.morocco-rides.com\/en\/\",\"logo\":{\"@type\":\"ImageObject\",\"inLanguage\":\"en-US\",\"@id\":\"https:\/\/dev.morocco-rides.com\/en\/#\/schema\/logo\/image\/\",\"url\":\"https:\/\/2025.morocco-rides.com\/wp-content\/uploads\/morocco-rides-email-logo.jpg\",\"contentUrl\":\"https:\/\/2025.morocco-rides.com\/wp-content\/uploads\/morocco-rides-email-logo.jpg\",\"width\":393,\"height\":81,\"caption\":\"Morocco Rides\"},\"image\":{\"@id\":\"https:\/\/dev.morocco-rides.com\/en\/#\/schema\/logo\/image\/\"},\"sameAs\":[\"https:\/\/www.facebook.com\/moroccorides\",\"https:\/\/www.instagram.com\/morocco.rides1\/\",\"https:\/\/www.youtube.com\/@Morocco-Rides\"]}]}<\/script>\n<!-- \/ Yoast SEO plugin. -->","yoast_head_json":{"title":"Custom road trip &#062; Morocco Rides","description":"\ud83c\uddf2\ud83c\udde6 Discover our road trip in Morocco, customize your motorcycle trip in Morocco with Morocco-Rides.com - Free quote without obligation","robots":{"index":"index","follow":"follow","max-snippet":"max-snippet:-1","max-image-preview":"max-image-preview:large","max-video-preview":"max-video-preview:-1"},"canonical":"https:\/\/dev.morocco-rides.com\/en\/locations\/custom-road-trip\/","og_locale":"en_US","og_type":"article","og_title":"Custom road trip &#062; Morocco Rides","og_description":"\ud83c\uddf2\ud83c\udde6 Discover our road trip in Morocco, customize your motorcycle trip in Morocco with Morocco-Rides.com - Free quote without obligation","og_url":"https:\/\/dev.morocco-rides.com\/en\/locations\/custom-road-trip\/","og_site_name":"Morocco Rides","article_publisher":"https:\/\/www.facebook.com\/moroccorides","article_modified_time":"2026-01-16T21:20:42+00:00","og_image":[{"width":1260,"height":728,"url":"https:\/\/dev.morocco-rides.com\/wp-content\/uploads\/2023\/06\/free-photo-of-landscape-of-palm-trees-and-the-atlas-mountains-in-marrakech-morocco.jpeg","type":"image\/jpeg"}],"schema":{"@context":"https:\/\/schema.org","@graph":[{"@type":"WebPage","@id":"https:\/\/dev.morocco-rides.com\/en\/locations\/custom-road-trip\/","url":"https:\/\/dev.morocco-rides.com\/en\/locations\/custom-road-trip\/","name":"Custom road trip &#062; Morocco Rides","isPartOf":{"@id":"https:\/\/dev.morocco-rides.com\/en\/#website"},"primaryImageOfPage":{"@id":"https:\/\/dev.morocco-rides.com\/en\/locations\/custom-road-trip\/#primaryimage"},"image":{"@id":"https:\/\/dev.morocco-rides.com\/en\/locations\/custom-road-trip\/#primaryimage"},"thumbnailUrl":"https:\/\/dev.morocco-rides.com\/wp-content\/uploads\/2023\/06\/free-photo-of-landscape-of-palm-trees-and-the-atlas-mountains-in-marrakech-morocco.jpeg","datePublished":"2025-12-30T16:47:12+00:00","dateModified":"2026-01-16T21:20:42+00:00","description":"\ud83c\uddf2\ud83c\udde6 Discover our road trip in Morocco, customize your motorcycle trip in Morocco with Morocco-Rides.com - Free quote without obligation","breadcrumb":{"@id":"https:\/\/dev.morocco-rides.com\/en\/locations\/custom-road-trip\/#breadcrumb"},"inLanguage":"en-US","potentialAction":[{"@type":"ReadAction","target":["https:\/\/dev.morocco-rides.com\/en\/locations\/custom-road-trip\/"]}]},{"@type":"ImageObject","inLanguage":"en-US","@id":"https:\/\/dev.morocco-rides.com\/en\/locations\/custom-road-trip\/#primaryimage","url":"https:\/\/dev.morocco-rides.com\/wp-content\/uploads\/2023\/06\/free-photo-of-landscape-of-palm-trees-and-the-atlas-mountains-in-marrakech-morocco.jpeg","contentUrl":"https:\/\/dev.morocco-rides.com\/wp-content\/uploads\/2023\/06\/free-photo-of-landscape-of-palm-trees-and-the-atlas-mountains-in-marrakech-morocco.jpeg","width":1260,"height":728},{"@type":"BreadcrumbList","@id":"https:\/\/dev.morocco-rides.com\/en\/locations\/custom-road-trip\/#breadcrumb","itemListElement":[{"@type":"ListItem","position":1,"name":"Accueil","item":"https:\/\/dev.morocco-rides.com\/en\/"},{"@type":"ListItem","position":2,"name":"Motorcycle rental","item":"https:\/\/dev.morocco-rides.com\/en\/shop\/"},{"@type":"ListItem","position":3,"name":"Custom road trip"}]},{"@type":"WebSite","@id":"https:\/\/dev.morocco-rides.com\/en\/#website","url":"https:\/\/dev.morocco-rides.com\/en\/","name":"Morocco Rides","description":"","publisher":{"@id":"https:\/\/dev.morocco-rides.com\/en\/#organization"},"potentialAction":[{"@type":"SearchAction","target":{"@type":"EntryPoint","urlTemplate":"https:\/\/dev.morocco-rides.com\/en\/?s={search_term_string}"},"query-input":{"@type":"PropertyValueSpecification","valueRequired":true,"valueName":"search_term_string"}}],"inLanguage":"en-US"},{"@type":"Organization","@id":"https:\/\/dev.morocco-rides.com\/en\/#organization","name":"Morocco Rides","url":"https:\/\/dev.morocco-rides.com\/en\/","logo":{"@type":"ImageObject","inLanguage":"en-US","@id":"https:\/\/dev.morocco-rides.com\/en\/#\/schema\/logo\/image\/","url":"https:\/\/2025.morocco-rides.com\/wp-content\/uploads\/morocco-rides-email-logo.jpg","contentUrl":"https:\/\/2025.morocco-rides.com\/wp-content\/uploads\/morocco-rides-email-logo.jpg","width":393,"height":81,"caption":"Morocco Rides"},"image":{"@id":"https:\/\/dev.morocco-rides.com\/en\/#\/schema\/logo\/image\/"},"sameAs":["https:\/\/www.facebook.com\/moroccorides","https:\/\/www.instagram.com\/morocco.rides1\/","https:\/\/www.youtube.com\/@Morocco-Rides"]}]}},"_links":{"self":[{"href":"https:\/\/dev.morocco-rides.com\/en\/wp-json\/wp\/v2\/product\/6630","targetHints":{"allow":["GET"]}}],"collection":[{"href":"https:\/\/dev.morocco-rides.com\/en\/wp-json\/wp\/v2\/product"}],"about":[{"href":"https:\/\/dev.morocco-rides.com\/en\/wp-json\/wp\/v2\/types\/product"}],"replies":[{"embeddable":true,"href":"https:\/\/dev.morocco-rides.com\/en\/wp-json\/wp\/v2\/comments?post=6630"}],"version-history":[{"count":4,"href":"https:\/\/dev.morocco-rides.com\/en\/wp-json\/wp\/v2\/product\/6630\/revisions"}],"predecessor-version":[{"id":8430,"href":"https:\/\/dev.morocco-rides.com\/en\/wp-json\/wp\/v2\/product\/6630\/revisions\/8430"}],"wp:featuredmedia":[{"embeddable":true,"href":"https:\/\/dev.morocco-rides.com\/en\/wp-json\/wp\/v2\/media\/4491"}],"wp:attachment":[{"href":"https:\/\/dev.morocco-rides.com\/en\/wp-json\/wp\/v2\/media?parent=6630"}],"wp:term":[{"taxonomy":"product_brand","embeddable":true,"href":"https:\/\/dev.morocco-rides.com\/en\/wp-json\/wp\/v2\/product_brand?post=6630"},{"taxonomy":"product_cat","embeddable":true,"href":"https:\/\/dev.morocco-rides.com\/en\/wp-json\/wp\/v2\/product_cat?post=6630"},{"taxonomy":"product_tag","embeddable":true,"href":"https:\/\/dev.morocco-rides.com\/en\/wp-json\/wp\/v2\/product_tag?post=6630"}],"curies":[{"name":"wp","href":"https:\/\/api.w.org\/{rel}","templated":true}]}}